{"id":1769,"date":"2020-06-11T16:48:53","date_gmt":"2020-06-11T14:48:53","guid":{"rendered":"https:\/\/lanottaberga.com\/?page_id=1769"},"modified":"2020-06-11T16:49:19","modified_gmt":"2020-06-11T14:49:19","slug":"politica-de-cookies","status":"publish","type":"page","link":"https:\/\/lanottaberga.com\/en\/politica-de-cookies\/","title":{"rendered":"Cookie Policy"},"content":{"rendered":"<p><\/p>\n<div class=\"cli_pg_page_contaner\">\n<div class=\"cli_pg_page_contaner\">\n<h3 class=\"cli_pg_page_contaner\">Introducci\u00f3<\/h3>\n<p>Aquesta p\u00e0gina web fa servir cookies per millorar l\u2019experi\u00e8ncia de l\u2019usuari. A continuaci\u00f3, trobar\u00e0 informaci\u00f3 sobre qu\u00e8 s\u00f3n les cookies, quin tipus de cookies utilitza aquesta p\u00e0gina, com pot desactivar les cookies al seu navegador i com desactivar espec\u00edficament la instal\u00b7laci\u00f3 de cookies de tercers. Si no troba la informaci\u00f3 espec\u00edfica que vost\u00e8 est\u00e0 buscant, si us plau envi\u00ef un correu a contacte@lanottaberga.com,<\/p>\n<div><\/div>\n<h3>Antecedents<\/h3>\n<p>De conformitat amb la normativa espanyola que regula l\u2019\u00fas de cookies en relaci\u00f3 a la prestaci\u00f3 de serveis de comunicacions electr\u00f2niques, recollida en el Reial Decret Llei 13\/2012 del 30 de mar\u00e7, l\u2019informem sobre les cookies utilitzades en el lloc web de LA NOTTA BERGA (tamb\u00e9 el prestador) i el motiu del seu \u00fas. Aix\u00ed mateix, li informa que en navegar en el Lloc Web vost\u00e8 est\u00e0 prestant el seu consentiment per poder utilitzar-les.<\/p>\n<div><\/div>\n<h3>Qu\u00e8 s\u00f3n les cookies?<\/h3>\n<p>Una cookie \u00e9s un fitxer que es descarrega al seu ordinador en accedir a determinades p\u00e0gines web. Les cookies permeten a una p\u00e0gina web, entre altres coses, emmagatzemar i recuperar informaci\u00f3 sobre els h\u00e0bits de navegaci\u00f3 d\u2019un usuari o del seu equip i, depenent de la informaci\u00f3 que continguin i de la forma en qu\u00e8 utilitzi el seu equip, es poden utilitzar per recon\u00e8ixer a l\u2019usuari. Les cookies s\u2019associen \u00fanicament a un usuari an\u00f2nim i el seu ordinador o dispositiu i no proporcionen refer\u00e8ncies que permetin con\u00e8ixer les seves dades personals.<\/p>\n<h3>Cookies afectades per la normativa i cookies exemptes?<\/h3>\n<p>Segons la directiva de la UE, les cookies que requereixen el consentiment informat per part de l\u2019usuari s\u00f3n les cookies d\u2019anal\u00edtica i les de publicitat i afiliaci\u00f3, quedant exceptuades les de car\u00e0cter t\u00e8cnic i les necess\u00e0ries per al funcionament del lloc web o la prestaci\u00f3 de serveis expressament demandats per l\u2019usuari.<\/p>\n<div>\n<h3>Tipus de cookies<\/h3>\n<p>Segons la directiva de la UE, les cookies que requereixen el consentiment informat per part de l\u2019usuari s\u00f3n les cookies d\u2019anal\u00edtica i les de publicitat i afiliaci\u00f3, quedant exceptuades les de car\u00e0cter t\u00e8cnic i les necess\u00e0ries per al funcionament del lloc web o la prestaci\u00f3 de serveis expressament demandats per l\u2019usuari.<\/p>\n<\/div>\n<div>\n<h3>Tipus de cookies utilitzades per aquest lloc web<\/h3>\n<p>Les cookies utilitzades al nostre lloc web s\u00f3n de sessi\u00f3 i de tercers, i ens permeten emmagatzemar i accedir a informaci\u00f3 relativa a l\u2019idioma, el tipus de navegador utilitzat, i altres caracter\u00edstiques generals predefinides per l\u2019usuari, aix\u00ed com seguir i analitzar l\u2019activitat que porta a terme per millorar i prestar els nostres serveis d\u2019una manera m\u00e9s eficient i personalitzada. Les cookies utilitzades tenen, en tot cas, car\u00e0cter temporal, amb l\u2019\u00fanica finalitat de fer m\u00e9s efica\u00e7 la navegaci\u00f3. En cap cas aquestes cookies proporcionen per si mateixes dades de car\u00e0cter personal i no es fan servir per a la recollida dels mateixos.La utilitzaci\u00f3 de les cookies ofereix avantatges, com ara:\u2013 facilita a l\u2019usuari la navegaci\u00f3 i l\u2019acc\u00e9s als diferents serveis que ofereix aquest lloc web;\u2013 evita a l\u2019usuari haver de configurar les caracter\u00edstiques generals predefinides cada vegada que accedeix al lloc web; i\u2013 afavoreix la millora del funcionament i dels serveis prestats a trav\u00e9s d\u2019aquest lloc web, despr\u00e9s del corresponent an\u00e0lisi de la informaci\u00f3 obtinguda a trav\u00e9s de les cookies instal\u00b7lades.En accedir al nostre web se l\u2019informa que si segueix navegant se li s\u2019instal\u00b7laran diverses cookies de tercers consentint aix\u00ed la instal\u00b7laci\u00f3 de determinades cookies que tindran com a \u00fanica finalitat la de registrar l\u2019acc\u00e9s al nostre lloc web per a la realitzaci\u00f3 d\u2019estad\u00edstiques an\u00f2nimes sobre les visites, recopilant informaci\u00f3 sempre de forma an\u00f2nima. No cal que accepti la instal\u00b7laci\u00f3 d\u2019aquestes cookies, pot navegar igualment per tota la nostra web.En diverses seccions del nostre web es podran instal\u00b7lar cookies de xarxes socials, en concret les seg\u00fcents:<\/p>\n<div>\n<ul>\n<li>Cookie de Twitter, segons el que disposa la seva pol\u00edtica de privacitat i \u00fas de cookies.<\/li>\n<li>Cookie de Facebook, segons el que disposa la seva pol\u00edtica de cookies.<\/li>\n<li>Cookie de Linkedin, segons el disposat a la seva p\u00e0gina sobre l\u2019\u00fas de les cookies.<\/li>\n<li>Cookie de Google+ i Google Maps, segons el que disposa la seva p\u00e0gina sobre quin tipus de cookies utilitzen.<\/li>\n<\/ul>\n<\/div>\n<\/div>\n<div><p>La llista de sota detalla quines cookis s'utilitzen en aquest web.<\/p><table class=\"cookielawinfo-row-cat-table cookielawinfo-classic\"><thead><tr><th class=\"cookielawinfo-column-1\">Cookie<\/th><th class=\"cookielawinfo-column-4\">Description<\/th><\/tr><\/thead><tbody><tr class=\"cookielawinfo-row\"><td class=\"cookielawinfo-column-1\">User shop ID<\/td><td class=\"cookielawinfo-column-4\">Stores the identifier of the user at the local session<\/td><\/tr><tr class=\"cookielawinfo-row\"><td class=\"cookielawinfo-column-1\">Language<\/td><td class=\"cookielawinfo-column-4\">It stores the language chosen by the user<\/td><\/tr><tr class=\"cookielawinfo-row\"><td class=\"cookielawinfo-column-1\">Cookie info<\/td><td class=\"cookielawinfo-column-4\">It stores if the user has allowed the use of non necessary cookies<\/td><\/tr><tr class=\"cookielawinfo-row\"><td class=\"cookielawinfo-column-1\">Cookies de la botiga<\/td><td class=\"cookielawinfo-column-4\">They utilise to guarantee the correct operation of the online shop during the session of the user.<\/td><\/tr><tr class=\"cookielawinfo-row\"><td class=\"cookielawinfo-column-1\">Google Analytics<\/td><td class=\"cookielawinfo-column-4\"><p class=\"qtranxs-available-languages-message qtranxs-available-languages-message-en\">Sorry, this entry is only available in <a href=\"https:\/\/lanottaberga.com\/ca\/wp-json\/wp\/v2\/pages\/1769\" class=\"qtranxs-available-language-link qtranxs-available-language-link-ca\" title=\"Catal\u00e0\">Catalan<\/a> and <a href=\"https:\/\/lanottaberga.com\/es\/wp-json\/wp\/v2\/pages\/1769\" class=\"qtranxs-available-language-link qtranxs-available-language-link-es\" title=\"Espa\u00f1ol\">European Spanish<\/a>.<\/p>Utilitzem Google Analytics per recopilar informaci\u00f3 de visites i comportament dels usuaris.<\/td><\/tr><\/tbody><\/table><\/div>\n<h3>Revocaci\u00f3<\/h3>\n<p>En tot moment podr\u00e0 accedir a la configuraci\u00f3 del seu navegador acceptant o rebutjant totes les cookies, o b\u00e9 seleccionar aquelles la instal\u00b7laci\u00f3 admet i quins no, seguint un dels seg\u00fcents procediments, que dep\u00e8n del navegador que utilitze:<\/p>\n<ul>\n<li><strong>Google Chrome (al Men\u00fa Eines):\u00a0<\/strong>Configuraci\u00f3&gt; Mostra opcions avan\u00e7ades&gt; Privadesa (Configuraci\u00f3 de contingut)&gt; Cookies: https:\/\/support.google.com\/chrome\/answer\/95647?co=GENIE.Platform%3DDesktopandhl=es<\/li>\n<li><strong>Microsoft Internet Explorer (al Men\u00fa Eines):\u00a0<\/strong>Opcions d\u2019Internet&gt; Privadesa&gt; Avan\u00e7ada: https:\/\/support.microsoft.com\/es-es\/help\/17442\/windows-internet-explorer-delete-manage-cookies<\/li>\n<li><strong>Firefox:\u00a0<\/strong>Opcions&gt; Privadesa&gt; Cookies: https:\/\/support.mozilla.org\/es\/kb\/habilitar-y-deshabilitar-cookies-sitios-web-rastrear-preferencias<\/li>\n<li><strong>Safari, iPad i iPhone:\u00a0<\/strong>Prefer\u00e8ncies&gt; Privadesa: https:\/\/support.apple.com\/kb\/ph21411?locale=es_ES<\/li>\n<li><strong>Opera:\u00a0<\/strong>Configuraci\u00f3&gt; Opcions&gt; Avan\u00e7at&gt; Cookies: http:\/\/help.opera.com\/Windows\/12.00\/es-ES\/cookies.html<\/li>\n<\/ul>\n<p>Aquests navegadors estan sotmesos a actualitzacions o modificacions, pel que no podem garantir que s\u2019ajustin completament a la versi\u00f3 del seu navegador. Tamb\u00e9 pot ser que utilitzi un altre navegador no contemplat en aquests enlla\u00e7os com ara Konqueror, Arora, Flock, etc. Per evitar aquests desajustos, pot accedir directament des de les opcions del seu navegador, generalment al men\u00fa de \u201cOpcions\u201d a la secci\u00f3 de \u201cPrivadesa\u201d. (Si us plau, consulteu l\u2019ajuda del seu navegador per a m\u00e9s informaci\u00f3).<\/p>\n<div><\/div>\n<h3>Desactivaci\u00f3\/Activaci\u00f3 i eliminaci\u00f3 de cookies<\/h3>\n<p>Per restringir o bloquejar les cookies, es fa a trav\u00e9s de la configuraci\u00f3 del navegador. Si no desitja que els llocs web posin cap cookie al seu equip, pot adaptar la configuraci\u00f3 del navegador de manera que se li notifiqui abans que es col\u00b7loqui cap cookie. De la mateixa manera, pot adaptar la configuraci\u00f3 de manera que el navegador rebutgi totes les cookies, o \u00fanicament les cookies de tercers. Tamb\u00e9 pot eliminar qualsevol de les cookies que ja es trobin en l\u2019equip. Recordeu que s\u2019haur\u00e0 d\u2019adaptar per separat la configuraci\u00f3 de cada navegador i equip que utilitzi. Recordeu que si no desitja rebre cookies, ja no podrem garantir que el nostre lloc web funcioni com cal.<\/p>\n<p>Potser algunes funcions del lloc es perdin i \u00e9s possible que ja no pugui veure certs llocs web. A m\u00e9s, rebutjar les cookies no vol dir que ja no vagi a veure anuncis publicitaris. Simplement els anuncis no s\u2019ajustaran als seus interessos i es repetiran amb m\u00e9s freq\u00fc\u00e8ncia.Cada navegador t\u00e9 un m\u00e8tode diferent per adaptar la configuraci\u00f3. Si cal, consulteu la funci\u00f3 d\u2019ajuda del navegador per establir la configuraci\u00f3 correcta. Per desactivar les cookies al tel\u00e8fon m\u00f2bil, consulteu el manual del dispositiu per obtenir m\u00e9s informaci\u00f3.<\/p>\n<p>Podeu obtenir m\u00e9s informaci\u00f3 sobre les cookies a Internet,\u00a0<a href=\"http:\/\/www.aboutcookies.org\/\" target=\"_blank\" rel=\"noopener noreferrer\">http:\/\/www.aboutcookies.org\/<\/a>. Tenint en compte la forma en qu\u00e8 funciona Internet i els llocs web, no sempre comptem amb informaci\u00f3 de les cookies que col\u00b7loquen terceres parts a trav\u00e9s del nostre lloc web. Aix\u00f2 s\u2019aplica especialment a casos en qu\u00e8 la nostra p\u00e0gina web cont\u00e9 el que es denominen elements integrats: textos, documents, imatges o breus pel\u00b7l\u00edcules que s\u2019emmagatzemen en una altra part, per\u00f2 es mostren al nostre lloc web o mitjan\u00e7ant el mateix.Per tant, en cas que es trobi amb aquest tipus de cookies en aquest lloc web i no estiguin enumerades en la llista anterior, li preguem que ens ho comuniqui. O b\u00e9 poseu-vos en contacte directament amb el tercer per demanar-li informaci\u00f3 sobre les cookies que col\u00b7loca, la finalitat i la durada de la cookie, i com ha garantit la seva privacitat.<\/p>\n<\/div>\n<\/div>\n<p><\/p>","protected":false},"excerpt":{"rendered":"<p>Introducci\u00f3 Aquesta p\u00e0gina web fa servir cookies per millorar l\u2019experi\u00e8ncia de l\u2019usuari. A continuaci\u00f3, trobar\u00e0 informaci\u00f3 sobre qu\u00e8 s\u00f3n les cookies, quin tipus de cookies utilitza aquesta p\u00e0gina, com pot desactivar les cookies al seu navegador i com desactivar espec\u00edficament la instal\u00b7laci\u00f3 de cookies de tercers. Si no troba la informaci\u00f3 espec\u00edfica que vost\u00e8 est\u00e0 &hellip; <br \/><a href=\"https:\/\/lanottaberga.com\/en\/politica-de-cookies\/\" class=\"more-link\">Continue reading <span class=\"screen-reader-text\">Cookie Policy<\/span><\/a><\/p>\n","protected":false},"author":1,"featured_media":0,"parent":0,"menu_order":0,"comment_status":"closed","ping_status":"closed","template":"","meta":[],"yoast_head":"<!-- This site is optimized with the Yoast SEO plugin v19.4 - https:\/\/yoast.com\/wordpress\/plugins\/seo\/ -->\n<title>Cookie Policy - La Notta Berga<\/title>\n<meta name=\"robots\" content=\"index, follow, max-snippet:-1, max-image-preview:large, max-video-preview:-1\" \/>\n<link rel=\"canonical\" href=\"https:\/\/lanottaberga.com\/en\/politica-de-cookies\/\" \/>\n<meta property=\"og:locale\" content=\"en_US\" \/>\n<meta property=\"og:type\" content=\"article\" \/>\n<meta property=\"og:title\" content=\"[:ca]Pol\u00edtica de cookies[:es]Pol\u00edtica de cookies[:en]Cookie Policy[:] - La Notta Berga\" \/>\n<meta property=\"og:description\" content=\"Introducci\u00f3 Aquesta p\u00e0gina web fa servir cookies per millorar l\u2019experi\u00e8ncia de l\u2019usuari. A continuaci\u00f3, trobar\u00e0 informaci\u00f3 sobre qu\u00e8 s\u00f3n les cookies, quin tipus de cookies utilitza aquesta p\u00e0gina, com pot desactivar les cookies al seu navegador i com desactivar espec\u00edficament la instal\u00b7laci\u00f3 de cookies de tercers. Si no troba la informaci\u00f3 espec\u00edfica que vost\u00e8 est\u00e0 &hellip; Continue reading Cookie Policy\" \/>\n<meta property=\"og:url\" content=\"https:\/\/lanottaberga.com\/en\/politica-de-cookies\/\" \/>\n<meta property=\"og:site_name\" content=\"La Notta Berga\" \/>\n<meta property=\"article:publisher\" content=\"https:\/\/www.facebook.com\/lanottaberga\/\" \/>\n<meta property=\"article:modified_time\" content=\"2020-06-11T14:49:19+00:00\" \/>\n<meta name=\"twitter:card\" content=\"summary_large_image\" \/>\n<meta name=\"twitter:label1\" content=\"Est. reading time\" \/>\n\t<meta name=\"twitter:data1\" content=\"21 minutes\" \/>\n<script type=\"application\/ld+json\" class=\"yoast-schema-graph\">{\"@context\":\"https:\/\/schema.org\",\"@graph\":[{\"@type\":\"Organization\",\"@id\":\"https:\/\/lanottaberga.com\/es\/#organization\",\"name\":\"La Notta Berga\",\"url\":\"https:\/\/lanottaberga.com\/es\/\",\"sameAs\":[\"https:\/\/www.instagram.com\/lanottaberga\/\",\"https:\/\/www.facebook.com\/lanottaberga\/\"],\"logo\":{\"@type\":\"ImageObject\",\"inLanguage\":\"en-US\",\"@id\":\"https:\/\/lanottaberga.com\/es\/#\/schema\/logo\/image\/\",\"url\":\"https:\/\/lanottaberga.com\/wp-content\/uploads\/2020\/05\/la-notta-berga-logo.png\",\"contentUrl\":\"https:\/\/lanottaberga.com\/wp-content\/uploads\/2020\/05\/la-notta-berga-logo.png\",\"width\":916,\"height\":390,\"caption\":\"La Notta Berga\"},\"image\":{\"@id\":\"https:\/\/lanottaberga.com\/es\/#\/schema\/logo\/image\/\"}},{\"@type\":\"WebSite\",\"@id\":\"https:\/\/lanottaberga.com\/es\/#website\",\"url\":\"https:\/\/lanottaberga.com\/es\/\",\"name\":\"La Notta Berga\",\"description\":\"Braseria - Pizzeria\",\"publisher\":{\"@id\":\"https:\/\/lanottaberga.com\/es\/#organization\"},\"potentialAction\":[{\"@type\":\"SearchAction\",\"target\":{\"@type\":\"EntryPoint\",\"urlTemplate\":\"https:\/\/lanottaberga.com\/es\/?s={search_term_string}\"},\"query-input\":\"required name=search_term_string\"}],\"inLanguage\":\"en-US\"},{\"@type\":\"WebPage\",\"@id\":\"https:\/\/lanottaberga.com\/en\/politica-de-cookies\/\",\"url\":\"https:\/\/lanottaberga.com\/en\/politica-de-cookies\/\",\"name\":\"[:ca]Pol\u00edtica de cookies[:es]Pol\u00edtica de cookies[:en]Cookie Policy[:] - La Notta Berga\",\"isPartOf\":{\"@id\":\"https:\/\/lanottaberga.com\/es\/#website\"},\"datePublished\":\"2020-06-11T14:48:53+00:00\",\"dateModified\":\"2020-06-11T14:49:19+00:00\",\"breadcrumb\":{\"@id\":\"https:\/\/lanottaberga.com\/en\/politica-de-cookies\/#breadcrumb\"},\"inLanguage\":\"en-US\",\"potentialAction\":[{\"@type\":\"ReadAction\",\"target\":[\"https:\/\/lanottaberga.com\/en\/politica-de-cookies\/\"]}]},{\"@type\":\"BreadcrumbList\",\"@id\":\"https:\/\/lanottaberga.com\/en\/politica-de-cookies\/#breadcrumb\",\"itemListElement\":[{\"@type\":\"ListItem\",\"position\":1,\"name\":\"Inici\",\"item\":\"https:\/\/lanottaberga.com\/\"},{\"@type\":\"ListItem\",\"position\":2,\"name\":\"Cookie Policy\"}]}]}<\/script>\n<!-- \/ Yoast SEO plugin. -->","yoast_head_json":{"title":"[:ca]Pol\u00edtica de cookies[:es]Pol\u00edtica de cookies[:en]Cookie Policy[:] - La Notta Berga","robots":{"index":"index","follow":"follow","max-snippet":"max-snippet:-1","max-image-preview":"max-image-preview:large","max-video-preview":"max-video-preview:-1"},"canonical":"https:\/\/lanottaberga.com\/en\/politica-de-cookies\/","og_locale":"en_US","og_type":"article","og_title":"[:ca]Pol\u00edtica de cookies[:es]Pol\u00edtica de cookies[:en]Cookie Policy[:] - La Notta Berga","og_description":"Introducci\u00f3 Aquesta p\u00e0gina web fa servir cookies per millorar l\u2019experi\u00e8ncia de l\u2019usuari. A continuaci\u00f3, trobar\u00e0 informaci\u00f3 sobre qu\u00e8 s\u00f3n les cookies, quin tipus de cookies utilitza aquesta p\u00e0gina, com pot desactivar les cookies al seu navegador i com desactivar espec\u00edficament la instal\u00b7laci\u00f3 de cookies de tercers. Si no troba la informaci\u00f3 espec\u00edfica que vost\u00e8 est\u00e0 &hellip; Continue reading Cookie Policy","og_url":"https:\/\/lanottaberga.com\/en\/politica-de-cookies\/","og_site_name":"La Notta Berga","article_publisher":"https:\/\/www.facebook.com\/lanottaberga\/","article_modified_time":"2020-06-11T14:49:19+00:00","twitter_card":"summary_large_image","twitter_misc":{"Est. reading time":"21 minutes"},"schema":{"@context":"https:\/\/schema.org","@graph":[{"@type":"Organization","@id":"https:\/\/lanottaberga.com\/es\/#organization","name":"La Notta Berga","url":"https:\/\/lanottaberga.com\/es\/","sameAs":["https:\/\/www.instagram.com\/lanottaberga\/","https:\/\/www.facebook.com\/lanottaberga\/"],"logo":{"@type":"ImageObject","inLanguage":"en-US","@id":"https:\/\/lanottaberga.com\/es\/#\/schema\/logo\/image\/","url":"https:\/\/lanottaberga.com\/wp-content\/uploads\/2020\/05\/la-notta-berga-logo.png","contentUrl":"https:\/\/lanottaberga.com\/wp-content\/uploads\/2020\/05\/la-notta-berga-logo.png","width":916,"height":390,"caption":"La Notta Berga"},"image":{"@id":"https:\/\/lanottaberga.com\/es\/#\/schema\/logo\/image\/"}},{"@type":"WebSite","@id":"https:\/\/lanottaberga.com\/es\/#website","url":"https:\/\/lanottaberga.com\/es\/","name":"La Notta Berga","description":"Braseria - Pizzeria","publisher":{"@id":"https:\/\/lanottaberga.com\/es\/#organization"},"potentialAction":[{"@type":"SearchAction","target":{"@type":"EntryPoint","urlTemplate":"https:\/\/lanottaberga.com\/es\/?s={search_term_string}"},"query-input":"required name=search_term_string"}],"inLanguage":"en-US"},{"@type":"WebPage","@id":"https:\/\/lanottaberga.com\/en\/politica-de-cookies\/","url":"https:\/\/lanottaberga.com\/en\/politica-de-cookies\/","name":"[:ca]Pol\u00edtica de cookies[:es]Pol\u00edtica de cookies[:en]Cookie Policy[:] - La Notta Berga","isPartOf":{"@id":"https:\/\/lanottaberga.com\/es\/#website"},"datePublished":"2020-06-11T14:48:53+00:00","dateModified":"2020-06-11T14:49:19+00:00","breadcrumb":{"@id":"https:\/\/lanottaberga.com\/en\/politica-de-cookies\/#breadcrumb"},"inLanguage":"en-US","potentialAction":[{"@type":"ReadAction","target":["https:\/\/lanottaberga.com\/en\/politica-de-cookies\/"]}]},{"@type":"BreadcrumbList","@id":"https:\/\/lanottaberga.com\/en\/politica-de-cookies\/#breadcrumb","itemListElement":[{"@type":"ListItem","position":1,"name":"Inici","item":"https:\/\/lanottaberga.com\/"},{"@type":"ListItem","position":2,"name":"Cookie Policy"}]}]}},"_links":{"self":[{"href":"https:\/\/lanottaberga.com\/en\/wp-json\/wp\/v2\/pages\/1769"}],"collection":[{"href":"https:\/\/lanottaberga.com\/en\/wp-json\/wp\/v2\/pages"}],"about":[{"href":"https:\/\/lanottaberga.com\/en\/wp-json\/wp\/v2\/types\/page"}],"author":[{"embeddable":true,"href":"https:\/\/lanottaberga.com\/en\/wp-json\/wp\/v2\/users\/1"}],"replies":[{"embeddable":true,"href":"https:\/\/lanottaberga.com\/en\/wp-json\/wp\/v2\/comments?post=1769"}],"version-history":[{"count":2,"href":"https:\/\/lanottaberga.com\/en\/wp-json\/wp\/v2\/pages\/1769\/revisions"}],"predecessor-version":[{"id":1771,"href":"https:\/\/lanottaberga.com\/en\/wp-json\/wp\/v2\/pages\/1769\/revisions\/1771"}],"wp:attachment":[{"href":"https:\/\/lanottaberga.com\/en\/wp-json\/wp\/v2\/media?parent=1769"}],"curies":[{"name":"wp","href":"https:\/\/api.w.org\/{rel}","templated":true}]}}