{"id":1788,"date":"2020-06-11T17:07:20","date_gmt":"2020-06-11T15:07:20","guid":{"rendered":"https:\/\/lanottaberga.com\/?page_id=1788"},"modified":"2020-06-16T11:17:21","modified_gmt":"2020-06-16T09:17:21","slug":"condicions-dus","status":"publish","type":"page","link":"https:\/\/lanottaberga.com\/en\/condicions-dus\/","title":{"rendered":"Condicions d&#8217;\u00fas"},"content":{"rendered":"\r\n<h2>Introducci\u00f3<\/h2>\r\n\r\n<p>&nbsp;<\/p>\r\n\r\n<p>Les presents condicions generals d\u2019\u00fas de la p\u00e0gina web, regulen els termes i condicions d\u2019acc\u00e9s i \u00fas de <a href=\"https:\/\/lanottaberga.com\">https:\/\/lanottaberga.com<\/a>, propietat de Ana Maria Escudero de Frutos, amb domicili a <span style=\"font-weight: 400;\">Carrer Puig-Reig, 4 (08600 Berga)<\/span> i amb codi d\u2019identificaci\u00f3 fiscal nombre 43517581F, d\u2019ara endavant, \u00abLA NOTTA BERGA\u00bb, que l\u2019usuari del portal haur\u00e0 de llegir i acceptar per utilitzar tots els serveis i informaci\u00f3 que es faciliten des del portal. El simple acc\u00e9s i\/o utilitzaci\u00f3 del portal, de tots o part dels seus continguts i\/ o serveis significa la plena acceptaci\u00f3 de les presents condicions generals d\u2019\u00fas.<\/p>\r\n\r\n<p>&nbsp;<\/p>\r\n\r\n<h2>Condicions d&#8217;\u00fas<\/h2>\r\n\r\n<p>&nbsp;<\/p>\r\n\r\n<p><strong>Car\u00e0cter gratu\u00eft de l\u2019acc\u00e9s i \u00fas del web.<\/strong><\/p>\r\n\r\n<p>&nbsp;<\/p>\r\n\r\n<p>La prestaci\u00f3 dels serveis per part de\u00a0<strong>LA NOTTA BERGA<\/strong>\u00a0t\u00e9 car\u00e0cter gratu\u00eft per a tots els usuaris. No obstant aix\u00f2, alguns dels serveis subministrats pel prestador a trav\u00e9s del web estan subjectes al pagament d\u2019un preu determinat a les condiciones generals de contractaci\u00f3.<\/p>\r\n\r\n<p>&nbsp;<\/p>\r\n\r\n<p><strong>Registre d\u2019Usuari.<\/strong><\/p>\r\n\r\n<p>&nbsp;<\/p>\r\n\r\n<p>Amb car\u00e0cter general la prestaci\u00f3 dels Serveis no exigeix \u200b\u200bla pr\u00e8via subscripci\u00f3 o registre dels Usuaris. Aix\u00ed i tot, <strong>LA NOTTA BERGA<\/strong>\u00a0condiciona l\u2019\u00fas d\u2019alguns dels serveis a la pr\u00e8via complementaci\u00f3 del corresponent registre d\u2019Usuari. Aquest registre s\u2019efectuar\u00e0 en la forma expressament indicada en la pr\u00f2pia secci\u00f3 del servei.<\/p>\r\n\r\n<p>&nbsp;<\/p>\r\n\r\n<p><strong>Veracitat de la informaci\u00f3.<\/strong><\/p>\r\n\r\n<p>&nbsp;<\/p>\r\n\r\n<p>Tota la informaci\u00f3 que facilita l\u2019Usuari ha de ser vera\u00e7. A aquests efectes, l\u2019Usuari garanteix l\u2019autenticitat de les dades comunicades a trav\u00e9s dels formularis per a la subscripci\u00f3 dels Serveis. Ser\u00e0 responsabilitat de l\u2019Usuari mantenir tota la informaci\u00f3 facilitada a <strong>LA NOTTA BERGA<\/strong>\u00a0permanentment actualitzada de manera que respongui, en cada moment, a la seva situaci\u00f3 real. En tot cas, l\u2019Usuari ser\u00e0 l\u2019\u00fanic responsable de les manifestacions falses o inexactes que realitzi i dels perjudicis que causi al prestador o a tercers.<\/p>\r\n\r\n<p>&nbsp;<\/p>\r\n\r\n<p><strong>Menors d\u2019edat.<\/strong><\/p>\r\n\r\n<p>&nbsp;<\/p>\r\n\r\n<p>Per a l\u2019\u00fas dels serveis, els menors d\u2019edat han d\u2019obtenir sempre pr\u00e8viament el consentiment dels pares, tutors o representants legals, responsables \u00faltims de tots els actes realitzats pels menors al seu c\u00e0rrec. La responsabilitat en la determinaci\u00f3 de continguts concrets als quals accedeixen els menors correspon a aquells, \u00e9s per aix\u00f2 que si accedeixen a continguts no apropiats per Internet, s\u2019hauran d\u2019establir en els seus ordinadors mecanismes, en particular programes inform\u00e0tics, filtres i bloquejos, que permetin limitar els continguts disponibles i, tot i que no siguin infal\u00b7libles, s\u00f3n d\u2019especial utilitat per controlar i restringir els materials als quals poden accedir els menors.<\/p>\r\n\r\n<p>&nbsp;<\/p>\r\n\r\n<p><strong>Obligaci\u00f3 de fer un \u00fas correcte de la web.<\/strong><\/p>\r\n\r\n<p>&nbsp;<\/p>\r\n\r\n<p>L\u2019Usuari es compromet a utilitzar la web de conformitat a la Llei i al present Av\u00eds Legal, aix\u00ed com a la moral i als bons costums. A aquest efecte, l\u2019Usuari s\u2019abstindr\u00e0 d\u2019utilitzar la p\u00e0gina amb finalitats il\u00b7l\u00edcites o prohibides, lesives de drets i interessos de tercers, o que de qualsevol forma puguin danyar, inutilitzar, sobrecarregar, deteriorar o impedir la normal utilitzaci\u00f3 d\u2019equips inform\u00e0tics o documents, arxius i tota classe de continguts emmagatzemats en qualsevol equip inform\u00e0tic del prestador.<\/p>\r\n\r\n<p>&nbsp;<\/p>\r\n\r\n<p>En particular, a t\u00edtol indicatiu per\u00f2 no exhaustiu, l\u2019Usuari es compromet a no transmetre, difondre o posar a disposici\u00f3 de tercers informacions, dades, continguts, missatges, gr\u00e0fics, dibuixos, arxius de so o imatge, fotografies, enregistraments, programari i, en general, qualsevol classe de material que:<\/p>\r\n\r\n<p>&nbsp;<\/p>\r\n\r\n<p>(a) sigui contr\u00e0ria, menyspre\u00ef o atempti contra els drets fonamentals i les llibertats p\u00fabliques reconegudes constitucionalment, en tractats internacionals i altres normes vigents;<\/p>\r\n\r\n<p>&nbsp;<\/p>\r\n\r\n<p>(b) indueixi, inciti o promogui actuacions delictives, denigrants, difamat\u00f2ries, violentes o, en general, contr\u00e0ries a la llei, a la moral i l\u2019ordre p\u00fablic;<\/p>\r\n\r\n<p>&nbsp;<\/p>\r\n\r\n<p>(c) indueixi, inciti o promogui actuacions, actituds o pensaments discriminatoris per ra\u00f3 de sexe, ra\u00e7a, religi\u00f3, creences, edat o condici\u00f3;<\/p>\r\n\r\n<p>&nbsp;<\/p>\r\n\r\n<p>(d) sigui contrari al dret a l\u2019honor, a la intimitat personal o familiar o a la pr\u00f2pia imatge de les persones;<\/p>\r\n\r\n<p>&nbsp;<\/p>\r\n\r\n<p>(e) de qualsevol manera perjudiqui la credibilitat del prestador o de tercers; i<\/p>\r\n\r\n<p>&nbsp;<\/p>\r\n\r\n<p>(f) constitueixi publicitat il\u00b7l\u00edcita, enganyosa o deslleial.<\/p>\r\n\r\n<p>&nbsp;<\/p>\r\n\r\n<p>&nbsp;<\/p>\r\n\r\n<h2>Modificacions<\/h2>\r\n\r\n<p>&nbsp;<\/p>\r\n\r\n<p><strong>LA NOTTA BERGA<\/strong> es reserva la facultat de modificar en qualsevol moment les condicions generals d\u2019\u00fas del portal. En tot cas, es recomana que consulti peri\u00f2dicament els presents termes d\u2019\u00fas del portal, ja que poden ser modificats.<\/p>\r\n\r\n<p>&nbsp;<\/p>\r\n\r\n<h2>Obligacions de l&#8217;usuari<\/h2>\r\n\r\n<p>&nbsp;<\/p>\r\n\r\n<p>L\u2019usuari haur\u00e0 de respectar en tot moment els termes i condicions establerts en les presents condicions generals d\u2019\u00fas del portal. De forma expressa l\u2019usuari manifesta que utilitzar\u00e0 el portal de forma diligent i assumint qualsevol responsabilitat que pogu\u00e9s derivar de l\u2019incompliment de les normes.<\/p>\r\n\r\n<p>&nbsp;<\/p>\r\n\r\n<p>Aix\u00ed mateix, l\u2019usuari no podr\u00e0 utilitzar el portal per transmetre, emmagatzemar, divulgar promoure o distribuir dades o continguts que siguin portadors de virus o qualsevol altre codi inform\u00e0tic, arxius o programes dissenyats per interrompre, destruir o perjudicar el funcionament de qualsevol programa o equip inform\u00e0tic o de telecomunicacions.<\/p>\r\n\r\n<p>&nbsp;<\/p>\r\n\r\n<h2>Responsabilitat del portal<\/h2>\r\n\r\n<p>&nbsp;<\/p>\r\n\r\n<p>El prestador s\u2019eximeix de qualsevol tipus de responsabilitat derivada de la informaci\u00f3 publicada al nostre lloc web, sempre que aquesta informaci\u00f3 hagi estat manipulada o introdu\u00efda per un tercer ali\u00e8.<\/p>\r\n\r\n<p>&nbsp;<\/p>\r\n\r\n<p>Aquest web ha estat revisada i provada perqu\u00e8 funcioni correctament. En principi, es pot garantir el correcte funcionament els 365 dies de l\u2019any, 24 hores al dia. No obstant aix\u00f2, el prestador no descarta la possibilitat que existeixin determinats errors de programaci\u00f3, o que succeeixin causes de for\u00e7a major, cat\u00e0strofes naturals, vagues, o circumst\u00e0ncies semblants que facin impossible l\u2019acc\u00e9s a la p\u00e0gina web.<\/p>\r\n\r\n<p>&nbsp;<\/p>\r\n\r\n<p><strong>LA NOTTA BERGA<\/strong> no atorga cap garantia ni es fa responsable, en cap cas, dels danys i perjudicis de qualsevol naturalesa que puguin sortir a col\u00b7laci\u00f3 de la manca de disponibilitat, manteniment i efectiu funcionament del web o dels seus serveis i continguts; de l\u2019exist\u00e8ncia de virus, programes maliciosos o lesius en els continguts; de l\u2019\u00fas il\u00b7l\u00edcit, negligent, fraudulent o contrari a aquest Av\u00eds Legal i condicions d\u2019\u00fas; o de la falta de licitud, qualitat, fiabilitat, utilitat i disponibilitat dels serveis prestats per tercers i posats a disposici\u00f3 dels usuaris al lloc web.<\/p>\r\n\r\n<p>&nbsp;<\/p>\r\n\r\n<p>El prestador no es fa responsable en cap concepte dels danys que puguin dimanar de l\u2019\u00fas il\u00b7legal o indegut de la present p\u00e0gina web.<\/p>\r\n\r\n<p>&nbsp;<\/p>\r\n\r\n<p>L\u2019usuari coneix i accepta que el portal no atorga cap garantia de qualsevol naturalesa, ja sigui expressa o impl\u00edcita, sobre les dades, continguts, informaci\u00f3 i serveis que s\u2019incorporen i ofereixen des del Portal.<\/p>\r\n\r\n<p>&nbsp;<\/p>\r\n\r\n<p>El prestador s\u2019eximeix de qualsevol tipus de responsabilitat derivada de la informaci\u00f3 publicada al nostre lloc web, sempre que aquesta informaci\u00f3 hagi estat manipulada o introdu\u00efda per un tercer ali\u00e8.<\/p>\r\n\r\n<p>&nbsp;<\/p>\r\n\r\n<p>Aquest web ha estat revisada i provada perqu\u00e8 funcioni correctament. En principi, es pot garantir el correcte funcionament els 365 dies de l\u2019any, 24 hores al dia. No obstant aix\u00f2, el prestador no descarta la possibilitat que existeixin determinats errors de programaci\u00f3, o que succeeixin causes de for\u00e7a major, cat\u00e0strofes naturals, vagues, o circumst\u00e0ncies semblants que facin impossible l\u2019acc\u00e9s a la p\u00e0gina web.<\/p>\r\n\r\n<p>&nbsp;<\/p>\r\n\r\n<p><strong>LA NOTTA BERGA<\/strong> no atorga cap garantia ni es fa responsable, en cap cas, dels danys i perjudicis de qualsevol naturalesa que puguin sortir a col\u00b7laci\u00f3 de la manca de disponibilitat, manteniment i efectiu funcionament del web o dels seus serveis i continguts; de l\u2019exist\u00e8ncia de virus, programes maliciosos o lesius en els continguts; de l\u2019\u00fas il\u00b7l\u00edcit, negligent, fraudulent o contrari a aquest Av\u00eds Legal i condicions d\u2019\u00fas; o de la falta de licitud, qualitat, fiabilitat, utilitat i disponibilitat dels serveis prestats per tercers i posats a disposici\u00f3 dels usuaris al lloc web.<\/p>\r\n\r\n<p>&nbsp;<\/p>\r\n\r\n<p>El prestador no es fa responsable en cap concepte dels danys que puguin dimanar de l\u2019\u00fas il\u00b7legal o indegut de la present p\u00e0gina web.<\/p>\r\n\r\n<p>&nbsp;<\/p>\r\n\r\n<h2>Propietat intel\u00b7lectual i industrial<\/h2>\r\n\r\n<p>&nbsp;<\/p>\r\n\r\n<p>El lloc web, incloent a t\u00edtol enunciatiu per\u00f2 no limitatiu la programaci\u00f3, edici\u00f3, compilaci\u00f3 i altres elements necessaris per al seu funcionament, els dissenys, logotips, textos, fotografies i\/o gr\u00e0fics s\u00f3n propietat del prestador o, en cas que fos necessari, disposa de la llic\u00e8ncia o autoritzaci\u00f3 expressa per part dels autors. Tots els continguts del lloc web es troben degudament protegits per la normativa de propietat intel\u00b7lectual i industrial.<\/p>\r\n\r\n<p>&nbsp;<\/p>\r\n\r\n<p>Independentment de la finalitat per la qual fossin destinats, la reproducci\u00f3 total o parcial, \u00fas, distribuci\u00f3 i comunicaci\u00f3 p\u00fablica requereixen de l\u2019autoritzaci\u00f3 escrita pr\u00e8via per part del prestador. Qualsevol \u00fas no autoritzat pr\u00e8viament per part del prestador ser\u00e0 considerat un incompliment greu dels drets de propietat intel\u00b7lectual o industrial de l\u2019autor.<\/p>\r\n\r\n<p>&nbsp;<\/p>\r\n\r\n<p>Els dissenys, logotips, textos \u00a0i\/o gr\u00e0fics aliens al prestador i que puguin apar\u00e8ixer en el lloc web, pertanyen als seus respectius propietaris, sent ells mateixos responsables de qualsevol possible controv\u00e8rsia que pogu\u00e9s esdevenir respecte als mateixos. En tot cas, el prestador compta amb l\u2019autoritzaci\u00f3 expressa i pr\u00e8via per part dels mateixos.<\/p>\r\n\r\n<p>&nbsp;<\/p>\r\n\r\n<p>El prestador reconeix a favor dels seus titulars els corresponents drets de propietat industrial i intel\u00b7lectual, no implicant la menci\u00f3 o aparici\u00f3 en el lloc web, de l\u2019exist\u00e8ncia de drets o cap responsabilitat del prestador sobre els mateixos, com tampoc respatller, patrocini o recomanaci\u00f3 per part del mateix.<\/p>\r\n\r\n<p>&nbsp;<\/p>\r\n\r\n<p>Per realitzar qualsevol tipus d\u2019observaci\u00f3 respecte a possibles incompliments dels drets de propietat intel\u00b7lectual o industrial, aix\u00ed com sobre qualsevol dels continguts del lloc web, pot fer-ho a trav\u00e9s del correu electr\u00f2nic dalt ressenyat.<\/p>\r\n\r\n<p>&nbsp;<\/p>\r\n\r\n<p>&nbsp;<\/p>\r\n\r\n<h2>Llei, jurisdicci\u00f3 competent i notificacions<\/h2>\r\n\r\n<p>&nbsp;<\/p>\r\n\r\n<p>Per a la resoluci\u00f3 de les controv\u00e8rsies o q\u00fcestions relacionades amb la present p\u00e0gina web o de les activitats en aquesta desenvolupades, ser\u00e0 d\u2019aplicaci\u00f3 la legislaci\u00f3 espanyola, a la qual se sotmeten expressament les parts, sent competents per a la resoluci\u00f3 de tots els conflictes derivats o relacionats amb el seu \u00fas els Jutjats i Tribunals de Barcelona.<\/p>\r\n\r\n<p>&nbsp;<\/p>\r\n\r\n<p>Totes les notificacions, requeriments, peticions i altres comunicacions que l\u2019Usuari vulgui efectuar a la <strong>LA NOTTA BERGA<\/strong> titular del Portal s\u2019hauran de fer per escrit i s\u2019entendr\u00e0 que han estat correctament realitzades quan hagin estat rebudes a l\u2019adre\u00e7a <a href=\"mailto:contacte@lanottaberga.com\">contacte@lanottaberga.com.<\/a><\/p>\r\n\r\n<p>&nbsp;<\/p>\r\n","protected":false},"excerpt":{"rendered":"<p>Introducci\u00f3 &nbsp; Les presents condicions generals d\u2019\u00fas de la p\u00e0gina web, regulen els termes i condicions d\u2019acc\u00e9s i \u00fas de https:\/\/lanottaberga.com, propietat de Ana Maria Escudero de Frutos, amb domicili a Carrer Puig-Reig, 4 (08600 Berga) i amb codi d\u2019identificaci\u00f3 fiscal nombre 43517581F, d\u2019ara endavant, \u00abLA NOTTA BERGA\u00bb, que l\u2019usuari del portal haur\u00e0 de llegir &hellip; <br \/><a href=\"https:\/\/lanottaberga.com\/en\/condicions-dus\/\" class=\"more-link\">Continue reading <span class=\"screen-reader-text\">Condicions d&#8217;\u00fas<\/span><\/a><\/p>\n","protected":false},"author":1,"featured_media":0,"parent":0,"menu_order":0,"comment_status":"closed","ping_status":"closed","template":"","meta":[],"yoast_head":"<!-- This site is optimized with the Yoast SEO plugin v19.4 - https:\/\/yoast.com\/wordpress\/plugins\/seo\/ -->\n<title>Condicions d&#039;\u00fas - La Notta Berga<\/title>\n<meta name=\"robots\" content=\"index, follow, max-snippet:-1, max-image-preview:large, max-video-preview:-1\" \/>\n<link rel=\"canonical\" href=\"https:\/\/lanottaberga.com\/condicions-dus\/\" \/>\n<meta property=\"og:locale\" content=\"en_US\" \/>\n<meta property=\"og:type\" content=\"article\" \/>\n<meta property=\"og:title\" content=\"Condicions d&#039;\u00fas - La Notta Berga\" \/>\n<meta property=\"og:description\" content=\"Introducci\u00f3 &nbsp; Les presents condicions generals d\u2019\u00fas de la p\u00e0gina web, regulen els termes i condicions d\u2019acc\u00e9s i \u00fas de https:\/\/lanottaberga.com, propietat de Ana Maria Escudero de Frutos, amb domicili a Carrer Puig-Reig, 4 (08600 Berga) i amb codi d\u2019identificaci\u00f3 fiscal nombre 43517581F, d\u2019ara endavant, \u00abLA NOTTA BERGA\u00bb, que l\u2019usuari del portal haur\u00e0 de llegir &hellip; Continue reading Condicions d&#8217;\u00fas\" \/>\n<meta property=\"og:url\" content=\"https:\/\/lanottaberga.com\/condicions-dus\/\" \/>\n<meta property=\"og:site_name\" content=\"La Notta Berga\" \/>\n<meta property=\"article:publisher\" content=\"https:\/\/www.facebook.com\/lanottaberga\/\" \/>\n<meta property=\"article:modified_time\" content=\"2020-06-16T09:17:21+00:00\" \/>\n<meta name=\"twitter:card\" content=\"summary_large_image\" \/>\n<meta name=\"twitter:label1\" content=\"Est. reading time\" \/>\n\t<meta name=\"twitter:data1\" content=\"9 minutes\" \/>\n<script type=\"application\/ld+json\" class=\"yoast-schema-graph\">{\"@context\":\"https:\/\/schema.org\",\"@graph\":[{\"@type\":\"Organization\",\"@id\":\"https:\/\/lanottaberga.com\/es\/#organization\",\"name\":\"La Notta Berga\",\"url\":\"https:\/\/lanottaberga.com\/es\/\",\"sameAs\":[\"https:\/\/www.instagram.com\/lanottaberga\/\",\"https:\/\/www.facebook.com\/lanottaberga\/\"],\"logo\":{\"@type\":\"ImageObject\",\"inLanguage\":\"en-US\",\"@id\":\"https:\/\/lanottaberga.com\/es\/#\/schema\/logo\/image\/\",\"url\":\"https:\/\/lanottaberga.com\/wp-content\/uploads\/2020\/05\/la-notta-berga-logo.png\",\"contentUrl\":\"https:\/\/lanottaberga.com\/wp-content\/uploads\/2020\/05\/la-notta-berga-logo.png\",\"width\":916,\"height\":390,\"caption\":\"La Notta Berga\"},\"image\":{\"@id\":\"https:\/\/lanottaberga.com\/es\/#\/schema\/logo\/image\/\"}},{\"@type\":\"WebSite\",\"@id\":\"https:\/\/lanottaberga.com\/es\/#website\",\"url\":\"https:\/\/lanottaberga.com\/es\/\",\"name\":\"La Notta Berga\",\"description\":\"Braseria - Pizzeria\",\"publisher\":{\"@id\":\"https:\/\/lanottaberga.com\/es\/#organization\"},\"potentialAction\":[{\"@type\":\"SearchAction\",\"target\":{\"@type\":\"EntryPoint\",\"urlTemplate\":\"https:\/\/lanottaberga.com\/es\/?s={search_term_string}\"},\"query-input\":\"required name=search_term_string\"}],\"inLanguage\":\"en-US\"},{\"@type\":\"WebPage\",\"@id\":\"https:\/\/lanottaberga.com\/condicions-dus\/\",\"url\":\"https:\/\/lanottaberga.com\/condicions-dus\/\",\"name\":\"Condicions d'\u00fas - La Notta Berga\",\"isPartOf\":{\"@id\":\"https:\/\/lanottaberga.com\/es\/#website\"},\"datePublished\":\"2020-06-11T15:07:20+00:00\",\"dateModified\":\"2020-06-16T09:17:21+00:00\",\"breadcrumb\":{\"@id\":\"https:\/\/lanottaberga.com\/condicions-dus\/#breadcrumb\"},\"inLanguage\":\"en-US\",\"potentialAction\":[{\"@type\":\"ReadAction\",\"target\":[\"https:\/\/lanottaberga.com\/condicions-dus\/\"]}]},{\"@type\":\"BreadcrumbList\",\"@id\":\"https:\/\/lanottaberga.com\/condicions-dus\/#breadcrumb\",\"itemListElement\":[{\"@type\":\"ListItem\",\"position\":1,\"name\":\"Inici\",\"item\":\"https:\/\/lanottaberga.com\/\"},{\"@type\":\"ListItem\",\"position\":2,\"name\":\"Condicions d&#8217;\u00fas\"}]}]}<\/script>\n<!-- \/ Yoast SEO plugin. -->","yoast_head_json":{"title":"Condicions d'\u00fas - La Notta Berga","robots":{"index":"index","follow":"follow","max-snippet":"max-snippet:-1","max-image-preview":"max-image-preview:large","max-video-preview":"max-video-preview:-1"},"canonical":"https:\/\/lanottaberga.com\/condicions-dus\/","og_locale":"en_US","og_type":"article","og_title":"Condicions d'\u00fas - La Notta Berga","og_description":"Introducci\u00f3 &nbsp; Les presents condicions generals d\u2019\u00fas de la p\u00e0gina web, regulen els termes i condicions d\u2019acc\u00e9s i \u00fas de https:\/\/lanottaberga.com, propietat de Ana Maria Escudero de Frutos, amb domicili a Carrer Puig-Reig, 4 (08600 Berga) i amb codi d\u2019identificaci\u00f3 fiscal nombre 43517581F, d\u2019ara endavant, \u00abLA NOTTA BERGA\u00bb, que l\u2019usuari del portal haur\u00e0 de llegir &hellip; Continue reading Condicions d&#8217;\u00fas","og_url":"https:\/\/lanottaberga.com\/condicions-dus\/","og_site_name":"La Notta Berga","article_publisher":"https:\/\/www.facebook.com\/lanottaberga\/","article_modified_time":"2020-06-16T09:17:21+00:00","twitter_card":"summary_large_image","twitter_misc":{"Est. reading time":"9 minutes"},"schema":{"@context":"https:\/\/schema.org","@graph":[{"@type":"Organization","@id":"https:\/\/lanottaberga.com\/es\/#organization","name":"La Notta Berga","url":"https:\/\/lanottaberga.com\/es\/","sameAs":["https:\/\/www.instagram.com\/lanottaberga\/","https:\/\/www.facebook.com\/lanottaberga\/"],"logo":{"@type":"ImageObject","inLanguage":"en-US","@id":"https:\/\/lanottaberga.com\/es\/#\/schema\/logo\/image\/","url":"https:\/\/lanottaberga.com\/wp-content\/uploads\/2020\/05\/la-notta-berga-logo.png","contentUrl":"https:\/\/lanottaberga.com\/wp-content\/uploads\/2020\/05\/la-notta-berga-logo.png","width":916,"height":390,"caption":"La Notta Berga"},"image":{"@id":"https:\/\/lanottaberga.com\/es\/#\/schema\/logo\/image\/"}},{"@type":"WebSite","@id":"https:\/\/lanottaberga.com\/es\/#website","url":"https:\/\/lanottaberga.com\/es\/","name":"La Notta Berga","description":"Braseria - Pizzeria","publisher":{"@id":"https:\/\/lanottaberga.com\/es\/#organization"},"potentialAction":[{"@type":"SearchAction","target":{"@type":"EntryPoint","urlTemplate":"https:\/\/lanottaberga.com\/es\/?s={search_term_string}"},"query-input":"required name=search_term_string"}],"inLanguage":"en-US"},{"@type":"WebPage","@id":"https:\/\/lanottaberga.com\/condicions-dus\/","url":"https:\/\/lanottaberga.com\/condicions-dus\/","name":"Condicions d'\u00fas - La Notta Berga","isPartOf":{"@id":"https:\/\/lanottaberga.com\/es\/#website"},"datePublished":"2020-06-11T15:07:20+00:00","dateModified":"2020-06-16T09:17:21+00:00","breadcrumb":{"@id":"https:\/\/lanottaberga.com\/condicions-dus\/#breadcrumb"},"inLanguage":"en-US","potentialAction":[{"@type":"ReadAction","target":["https:\/\/lanottaberga.com\/condicions-dus\/"]}]},{"@type":"BreadcrumbList","@id":"https:\/\/lanottaberga.com\/condicions-dus\/#breadcrumb","itemListElement":[{"@type":"ListItem","position":1,"name":"Inici","item":"https:\/\/lanottaberga.com\/"},{"@type":"ListItem","position":2,"name":"Condicions d&#8217;\u00fas"}]}]}},"_links":{"self":[{"href":"https:\/\/lanottaberga.com\/en\/wp-json\/wp\/v2\/pages\/1788"}],"collection":[{"href":"https:\/\/lanottaberga.com\/en\/wp-json\/wp\/v2\/pages"}],"about":[{"href":"https:\/\/lanottaberga.com\/en\/wp-json\/wp\/v2\/types\/page"}],"author":[{"embeddable":true,"href":"https:\/\/lanottaberga.com\/en\/wp-json\/wp\/v2\/users\/1"}],"replies":[{"embeddable":true,"href":"https:\/\/lanottaberga.com\/en\/wp-json\/wp\/v2\/comments?post=1788"}],"version-history":[{"count":5,"href":"https:\/\/lanottaberga.com\/en\/wp-json\/wp\/v2\/pages\/1788\/revisions"}],"predecessor-version":[{"id":1827,"href":"https:\/\/lanottaberga.com\/en\/wp-json\/wp\/v2\/pages\/1788\/revisions\/1827"}],"wp:attachment":[{"href":"https:\/\/lanottaberga.com\/en\/wp-json\/wp\/v2\/media?parent=1788"}],"curies":[{"name":"wp","href":"https:\/\/api.w.org\/{rel}","templated":true}]}}