{"id":1305,"date":"2020-06-02T15:51:45","date_gmt":"2020-06-02T13:51:45","guid":{"rendered":"https:\/\/lanottaberga.com\/?post_type=product&#038;p=1305"},"modified":"2024-01-04T14:34:48","modified_gmt":"2024-01-04T12:34:48","slug":"cabra-boja","status":"publish","type":"product","link":"https:\/\/lanottaberga.com\/es\/producte\/cabra-boja\/","title":{"rendered":"BURGER CABRA"},"content":{"rendered":"<p>hamburguesa de vac\u00edo y entra\u00f1a , cebolla caramelizada, queso rulo de cabra, lechuga y mermelada de tomate acompa\u00f1ada de patatas caseras<\/p>","protected":false},"excerpt":{"rendered":"<p>hamburguesa de vac\u00edo y entra\u00f1a , cebolla caramelizada, queso rulo de cabra, lechuga y mermelada de tomate acompa\u00f1ada de patatas caseras<\/p>\n","protected":false},"featured_media":13095,"template":"","meta":[],"product_cat":[34],"product_tag":[],"yoast_head":"<!-- This site is optimized with the Yoast SEO plugin v19.4 - https:\/\/yoast.com\/wordpress\/plugins\/seo\/ -->\n<title>BURGER CABRA - La Notta Berga<\/title>\n<meta name=\"robots\" content=\"index, follow, max-snippet:-1, max-image-preview:large, max-video-preview:-1\" \/>\n<link rel=\"canonical\" href=\"https:\/\/lanottaberga.com\/producte\/cabra-boja\/\" \/>\n<meta property=\"og:locale\" content=\"es_ES\" \/>\n<meta property=\"og:type\" content=\"article\" \/>\n<meta property=\"og:title\" content=\"[:ca]BURGER CABRA[:es]BURGER CABRA[:en]GOAT BURGER[:] - La Notta Berga\" \/>\n<meta property=\"og:description\" content=\"hamburguesa de vac\u00edo y entra\u00f1a , cebolla caramelizada, queso rulo de cabra, lechuga y mermelada de tomate acompa\u00f1ada de patatas caseras\" \/>\n<meta property=\"og:url\" content=\"https:\/\/lanottaberga.com\/producte\/cabra-boja\/\" \/>\n<meta property=\"og:site_name\" content=\"La Notta Berga\" \/>\n<meta property=\"article:publisher\" content=\"https:\/\/www.facebook.com\/lanottaberga\/\" \/>\n<meta property=\"article:modified_time\" content=\"2024-01-04T12:34:48+00:00\" \/>\n<meta property=\"og:image\" content=\"https:\/\/lanottaberga.com\/wp-content\/uploads\/2020\/06\/CARATULA-CABRA-2024-1.png\" \/>\n\t<meta property=\"og:image:width\" content=\"2000\" \/>\n\t<meta property=\"og:image:height\" content=\"1333\" \/>\n\t<meta property=\"og:image:type\" content=\"image\/png\" \/>\n<meta name=\"twitter:card\" content=\"summary_large_image\" \/>\n<script type=\"application\/ld+json\" class=\"yoast-schema-graph\">{\"@context\":\"https:\/\/schema.org\",\"@graph\":[{\"@type\":\"Organization\",\"@id\":\"https:\/\/lanottaberga.com\/es\/#organization\",\"name\":\"La Notta Berga\",\"url\":\"https:\/\/lanottaberga.com\/es\/\",\"sameAs\":[\"https:\/\/www.instagram.com\/lanottaberga\/\",\"https:\/\/www.facebook.com\/lanottaberga\/\"],\"logo\":{\"@type\":\"ImageObject\",\"inLanguage\":\"es\",\"@id\":\"https:\/\/lanottaberga.com\/es\/#\/schema\/logo\/image\/\",\"url\":\"https:\/\/lanottaberga.com\/wp-content\/uploads\/2020\/05\/la-notta-berga-logo.png\",\"contentUrl\":\"https:\/\/lanottaberga.com\/wp-content\/uploads\/2020\/05\/la-notta-berga-logo.png\",\"width\":916,\"height\":390,\"caption\":\"La Notta Berga\"},\"image\":{\"@id\":\"https:\/\/lanottaberga.com\/es\/#\/schema\/logo\/image\/\"}},{\"@type\":\"WebSite\",\"@id\":\"https:\/\/lanottaberga.com\/es\/#website\",\"url\":\"https:\/\/lanottaberga.com\/es\/\",\"name\":\"La Notta Berga\",\"description\":\"Braseria - Pizzeria\",\"publisher\":{\"@id\":\"https:\/\/lanottaberga.com\/es\/#organization\"},\"potentialAction\":[{\"@type\":\"SearchAction\",\"target\":{\"@type\":\"EntryPoint\",\"urlTemplate\":\"https:\/\/lanottaberga.com\/es\/?s={search_term_string}\"},\"query-input\":\"required name=search_term_string\"}],\"inLanguage\":\"es\"},{\"@type\":\"WebPage\",\"@id\":\"https:\/\/lanottaberga.com\/producte\/cabra-boja\/\",\"url\":\"https:\/\/lanottaberga.com\/producte\/cabra-boja\/\",\"name\":\"[:ca]BURGER CABRA[:es]BURGER CABRA[:en]GOAT BURGER[:] - La Notta Berga\",\"isPartOf\":{\"@id\":\"https:\/\/lanottaberga.com\/es\/#website\"},\"datePublished\":\"2020-06-02T13:51:45+00:00\",\"dateModified\":\"2024-01-04T12:34:48+00:00\",\"breadcrumb\":{\"@id\":\"https:\/\/lanottaberga.com\/producte\/cabra-boja\/#breadcrumb\"},\"inLanguage\":\"es\",\"potentialAction\":[{\"@type\":\"ReadAction\",\"target\":[\"https:\/\/lanottaberga.com\/producte\/cabra-boja\/\"]}]},{\"@type\":\"BreadcrumbList\",\"@id\":\"https:\/\/lanottaberga.com\/producte\/cabra-boja\/#breadcrumb\",\"itemListElement\":[{\"@type\":\"ListItem\",\"position\":1,\"name\":\"Inici\",\"item\":\"https:\/\/lanottaberga.com\/\"},{\"@type\":\"ListItem\",\"position\":2,\"name\":\"Comanda online\",\"item\":\"https:\/\/lanottaberga.com\/en\/comanda-online\/\"},{\"@type\":\"ListItem\",\"position\":3,\"name\":\"BURGER CABRA\"}]}]}<\/script>\n<!-- \/ Yoast SEO plugin. -->","yoast_head_json":{"title":"[:ca]BURGER CABRA[:es]BURGER CABRA[:en]GOAT BURGER[:] - La Notta Berga","robots":{"index":"index","follow":"follow","max-snippet":"max-snippet:-1","max-image-preview":"max-image-preview:large","max-video-preview":"max-video-preview:-1"},"canonical":"https:\/\/lanottaberga.com\/producte\/cabra-boja\/","og_locale":"es_ES","og_type":"article","og_title":"[:ca]BURGER CABRA[:es]BURGER CABRA[:en]GOAT BURGER[:] - La Notta Berga","og_description":"hamburguesa de vac\u00edo y entra\u00f1a , cebolla caramelizada, queso rulo de cabra, lechuga y mermelada de tomate acompa\u00f1ada de patatas caseras","og_url":"https:\/\/lanottaberga.com\/producte\/cabra-boja\/","og_site_name":"La Notta Berga","article_publisher":"https:\/\/www.facebook.com\/lanottaberga\/","article_modified_time":"2024-01-04T12:34:48+00:00","og_image":[{"width":2000,"height":1333,"url":"https:\/\/lanottaberga.com\/wp-content\/uploads\/2020\/06\/CARATULA-CABRA-2024-1.png","type":"image\/png"}],"twitter_card":"summary_large_image","schema":{"@context":"https:\/\/schema.org","@graph":[{"@type":"Organization","@id":"https:\/\/lanottaberga.com\/es\/#organization","name":"La Notta Berga","url":"https:\/\/lanottaberga.com\/es\/","sameAs":["https:\/\/www.instagram.com\/lanottaberga\/","https:\/\/www.facebook.com\/lanottaberga\/"],"logo":{"@type":"ImageObject","inLanguage":"es","@id":"https:\/\/lanottaberga.com\/es\/#\/schema\/logo\/image\/","url":"https:\/\/lanottaberga.com\/wp-content\/uploads\/2020\/05\/la-notta-berga-logo.png","contentUrl":"https:\/\/lanottaberga.com\/wp-content\/uploads\/2020\/05\/la-notta-berga-logo.png","width":916,"height":390,"caption":"La Notta Berga"},"image":{"@id":"https:\/\/lanottaberga.com\/es\/#\/schema\/logo\/image\/"}},{"@type":"WebSite","@id":"https:\/\/lanottaberga.com\/es\/#website","url":"https:\/\/lanottaberga.com\/es\/","name":"La Notta Berga","description":"Braseria - Pizzeria","publisher":{"@id":"https:\/\/lanottaberga.com\/es\/#organization"},"potentialAction":[{"@type":"SearchAction","target":{"@type":"EntryPoint","urlTemplate":"https:\/\/lanottaberga.com\/es\/?s={search_term_string}"},"query-input":"required name=search_term_string"}],"inLanguage":"es"},{"@type":"WebPage","@id":"https:\/\/lanottaberga.com\/producte\/cabra-boja\/","url":"https:\/\/lanottaberga.com\/producte\/cabra-boja\/","name":"[:ca]BURGER CABRA[:es]BURGER CABRA[:en]GOAT BURGER[:] - La Notta Berga","isPartOf":{"@id":"https:\/\/lanottaberga.com\/es\/#website"},"datePublished":"2020-06-02T13:51:45+00:00","dateModified":"2024-01-04T12:34:48+00:00","breadcrumb":{"@id":"https:\/\/lanottaberga.com\/producte\/cabra-boja\/#breadcrumb"},"inLanguage":"es","potentialAction":[{"@type":"ReadAction","target":["https:\/\/lanottaberga.com\/producte\/cabra-boja\/"]}]},{"@type":"BreadcrumbList","@id":"https:\/\/lanottaberga.com\/producte\/cabra-boja\/#breadcrumb","itemListElement":[{"@type":"ListItem","position":1,"name":"Inici","item":"https:\/\/lanottaberga.com\/"},{"@type":"ListItem","position":2,"name":"Comanda online","item":"https:\/\/lanottaberga.com\/en\/comanda-online\/"},{"@type":"ListItem","position":3,"name":"BURGER CABRA"}]}]}},"_links":{"self":[{"href":"https:\/\/lanottaberga.com\/es\/wp-json\/wp\/v2\/product\/1305"}],"collection":[{"href":"https:\/\/lanottaberga.com\/es\/wp-json\/wp\/v2\/product"}],"about":[{"href":"https:\/\/lanottaberga.com\/es\/wp-json\/wp\/v2\/types\/product"}],"wp:featuredmedia":[{"embeddable":true,"href":"https:\/\/lanottaberga.com\/es\/wp-json\/wp\/v2\/media\/13095"}],"wp:attachment":[{"href":"https:\/\/lanottaberga.com\/es\/wp-json\/wp\/v2\/media?parent=1305"}],"wp:term":[{"taxonomy":"product_cat","embeddable":true,"href":"https:\/\/lanottaberga.com\/es\/wp-json\/wp\/v2\/product_cat?post=1305"},{"taxonomy":"product_tag","embeddable":true,"href":"https:\/\/lanottaberga.com\/es\/wp-json\/wp\/v2\/product_tag?post=1305"}],"curies":[{"name":"wp","href":"https:\/\/api.w.org\/{rel}","templated":true}]}}